{"id":7,"date":"2022-11-23T11:40:38","date_gmt":"2022-11-23T09:40:38","guid":{"rendered":"https:\/\/ahe-ro.unibuc.ro\/?page_id=7"},"modified":"2022-12-05T10:54:22","modified_gmt":"2022-12-05T08:54:22","slug":"about","status":"publish","type":"page","link":"https:\/\/ahe-ro.unibuc.ro\/","title":{"rendered":"<b>About the project <\/b>"},"content":{"rendered":"\n<h4 class=\"has-black-color has-text-color wp-block-heading\"><strong>Title of the project:<\/strong> <\/h4>\n\n\n\n<ul class=\"wp-block-list\">\n<li><mark style=\"background-color:rgba(0, 0, 0, 0)\" class=\"has-inline-color has-black-color\">Access to higher education in post-communist Romania\/ Accesul la \u00eenv\u0103\u021b\u0103m\u00e2nt superior \u00een Rom\u00e2nia post-comunist\u0103<\/mark><\/li>\n<\/ul>\n\n\n\n<h4 class=\"has-black-color has-text-color wp-block-heading\"><strong>Project acronym: <\/strong><\/h4>\n\n\n\n<ul class=\"wp-block-list\">\n<li><mark style=\"background-color:rgba(0, 0, 0, 0)\" class=\"has-inline-color has-black-color\">AHE-RO<\/mark><\/li>\n<\/ul>\n\n\n\n<p class=\"has-black-color has-text-color\"><strong>Project coordinator: <\/strong><\/p>\n\n\n\n<ul class=\"wp-block-list\">\n<li><mark style=\"background-color:rgba(0, 0, 0, 0)\" class=\"has-inline-color has-black-color\">Professor<strong> <\/strong>Bogdan Costin Murgescu, Ph.D<\/mark><\/li>\n<\/ul>\n\n\n\n<p class=\"has-black-color has-text-color\"><strong>Organization: <\/strong><\/p>\n\n\n\n<ul class=\"wp-block-list\">\n<li><mark style=\"background-color:rgba(0, 0, 0, 0)\" class=\"has-inline-color has-black-color\">University of Bucharest<\/mark><\/li>\n<\/ul>\n\n\n\n<p class=\"has-black-color has-text-color\"><strong>The duration of the research project<\/strong>: <\/p>\n\n\n\n<ul class=\"wp-block-list\">\n<li><mark style=\"background-color:rgba(0, 0, 0, 0)\" class=\"has-inline-color has-black-color\">June 2022-December 2024<\/mark><\/li>\n<\/ul>\n\n\n\n<h4 class=\"has-black-color has-text-color wp-block-heading\"><strong>Institution financing the project:<\/strong> <\/h4>\n\n\n\n<ul class=\"wp-block-list\">\n<li><mark style=\"background-color:rgba(0, 0, 0, 0)\" class=\"has-inline-color has-black-color\">Autoritatea Na\u021bional\u0103 pentru Cercetare \u0218tiin\u021bific\u0103 din Rom\u00e2nia, CNCS -UEFISCDI<\/mark><\/li>\n<\/ul>\n\n\n\n<h4 class=\"has-black-color has-text-color wp-block-heading\"><strong>Short description<\/strong>:<\/h4>\n\n\n\n<ul class=\"wp-block-list\">\n<li><mark style=\"background-color:rgba(0, 0, 0, 0)\" class=\"has-inline-color has-black-color\">Education is one of the key elements of social progress in the modern world. Access to higher education is crucial both for the build-up of human capital in what becomes increasingly a knowledge-based economy and as a major factor influencing the structure of contemporary societies. The \u201e<strong><em>Access to higher education in post-communist Romania\u201d <\/em><\/strong>(AHE-RO) research project aims first to document the evolution of access to tertiary education since 1990 and to assess the factors which have influenced access and attainment. One of our major hypotheses is that the equity of access, which was also limited during the communist regime, declined even further during the post-communist transition and that increasing social polarization has become a major obstacle to the enlargement of access. As the historical contributions regarding post-communism have mainly focused on political and economic aspects, the approach of studying the nexus between educational attainment and social polarization is highly original and has the potential to highlight important aspects of the post-communist transition. At the same time, the concrete historical data and analysis can contribute to the existing social sciences debates about the relationship between social background and educational attainment levels. A special element is also the investigation of the relationship between social background and the ability of students to take advantage of the increased opportunities to study abroad.<\/mark><\/li>\n<\/ul>\n\n\n\n<h4 class=\"has-black-color has-text-color wp-block-heading\"><strong>Key Words: <\/strong><\/h4>\n\n\n\n<ul class=\"wp-block-list\">\n<li><mark style=\"background-color:rgba(0, 0, 0, 0)\" class=\"has-inline-color has-black-color\">postcommunism, access to higher education, human capital, globalization of higher education, unequal opportunities for higher education.<\/mark><\/li>\n<\/ul>\n\n\n\n<h4 class=\"has-black-color has-text-color wp-block-heading\"><strong>Operational objectives and milestones<\/strong>:<\/h4>\n\n\n\n<p class=\"has-black-color has-text-color\"><mark style=\"background-color:rgba(0, 0, 0, 0)\" class=\"has-inline-color has-black-color\">The general objective of this research is to <strong>assess the variety of ways the post-communist transformation influenced the access of Romanian citizens to higher education<\/strong>. To achieve this goal, the project has several operational objectives, aiming to clarify the following issues:<\/mark><\/p>\n\n\n\n<p class=\"has-black-color has-text-color\">O1. <em>The quantitative reconstruction of access to higher education in post-communist Romania<\/em> (3 milestones):<\/p>\n\n\n\n<ul class=\"wp-block-list\">\n<li><mark style=\"background-color:rgba(0, 0, 0, 0)\" class=\"has-inline-color has-black-color\">Comparative statistics of educational attainment in post-communist countries.<\/mark><\/li>\n\n\n\n<li><mark style=\"background-color:rgba(0, 0, 0, 0)\" class=\"has-inline-color has-black-color\">Quantitative analysis of enrolments in Romanian institutions of higher education (with breakdowns for each study level, study form etc.).<\/mark><\/li>\n\n\n\n<li><mark style=\"background-color:rgba(0, 0, 0, 0)\" class=\"has-inline-color has-black-color\">The stock of higher education graduates in post-communist Romania.<\/mark><\/li>\n<\/ul>\n\n\n\n<p class=\"has-black-color has-text-color\">O2. <em>Assessment of supply-side policies to provide access to higher education in post-communist Romania<\/em> (6 milestones):<\/p>\n\n\n\n<ul class=\"wp-block-list\">\n<li><mark style=\"background-color:rgba(0, 0, 0, 0)\" class=\"has-inline-color has-black-color\">The evolution of admission processes to Romanian higher education.<\/mark><\/li>\n\n\n\n<li><mark style=\"background-color:rgba(0, 0, 0, 0)\" class=\"has-inline-color has-black-color\">Expansion of public universities in Romania after 1990.<\/mark><\/li>\n\n\n\n<li><mark style=\"background-color:rgba(0, 0, 0, 0)\" class=\"has-inline-color has-black-color\">The rise and decline of private higher education.<\/mark><\/li>\n\n\n\n<li><mark style=\"background-color:rgba(0, 0, 0, 0)\" class=\"has-inline-color has-black-color\">Demographic constraints and the contraction of the Romanian higher education system.<\/mark><\/li>\n\n\n\n<li><mark style=\"background-color:rgba(0, 0, 0, 0)\" class=\"has-inline-color has-black-color\">Positive discrimination in providing access to Romanian higher education \u2013 the experience of special study places for Roma.<\/mark><\/li>\n\n\n\n<li><mark style=\"background-color:rgba(0, 0, 0, 0)\" class=\"has-inline-color has-black-color\">The evolution of support schemes for different categories of students.<\/mark><\/li>\n<\/ul>\n\n\n\n<p class=\"has-black-color has-text-color\">O3. <em>Identification and assessment of factors increasing\/limiting access to higher education<\/em> (4 milestones):<\/p>\n\n\n\n<ul class=\"wp-block-list\">\n<li><mark style=\"background-color:rgba(0, 0, 0, 0)\" class=\"has-inline-color has-black-color\">Economic costs and affordability of higher education in Romania.<\/mark><\/li>\n\n\n\n<li><mark style=\"background-color:rgba(0, 0, 0, 0)\" class=\"has-inline-color has-black-color\">Identification and assessment of the relationship between the choice of various higher education trajectories and the patterns of intergenerational preservation\/improvement of socio-economic status.<\/mark><\/li>\n\n\n\n<li><mark style=\"background-color:rgba(0, 0, 0, 0)\" class=\"has-inline-color has-black-color\">Case-study: The student population of a university in an economically distressed region.<\/mark><\/li>\n\n\n\n<li><mark style=\"background-color:rgba(0, 0, 0, 0)\" class=\"has-inline-color has-black-color\">Case study: Social dimensions of access to an elite university (medicine\/architecture etc.)<\/mark><\/li>\n<\/ul>\n\n\n\n<p class=\"has-black-color has-text-color\">O4. <em>Impact of globalization on the access to higher education in post-communist Romania <\/em>(4 milestones):<\/p>\n\n\n\n<ul class=\"wp-block-list\">\n<li><mark style=\"background-color:rgba(0, 0, 0, 0)\" class=\"has-inline-color has-black-color\">Access to international mobilities \u2013 experiences from Romania\u2019s participation in the TEMPUS and Erasmus programs.<\/mark><\/li>\n\n\n\n<li><mark style=\"background-color:rgba(0, 0, 0, 0)\" class=\"has-inline-color has-black-color\">Romanians studying abroad \u2013 patterns, trends, outcomes.<\/mark><\/li>\n\n\n\n<li><mark style=\"background-color:rgba(0, 0, 0, 0)\" class=\"has-inline-color has-black-color\">Romania as a study destination &#8211; access of foreign students to Romanian higher education.<\/mark><\/li>\n\n\n\n<li><mark style=\"background-color:rgba(0, 0, 0, 0)\" class=\"has-inline-color has-black-color\">Romania in the European Higher Education Area &#8211; comparative analysis with a selected post-<\/mark>communist country.<\/li>\n<\/ul>\n","protected":false},"excerpt":{"rendered":"<p>Title of the project: Project acronym: Project coordinator: Organization: The duration of the research project: Institution financing the project: Short description: Key Words: Operational objectives&hellip;<\/p>\n","protected":false},"author":1,"featured_media":0,"parent":0,"menu_order":0,"comment_status":"closed","ping_status":"closed","template":"","meta":{"footnotes":""},"class_list":["post-7","page","type-page","status-publish","hentry"],"_links":{"self":[{"href":"https:\/\/ahe-ro.unibuc.ro\/index.php?rest_route=\/wp\/v2\/pages\/7","targetHints":{"allow":["GET"]}}],"collection":[{"href":"https:\/\/ahe-ro.unibuc.ro\/index.php?rest_route=\/wp\/v2\/pages"}],"about":[{"href":"https:\/\/ahe-ro.unibuc.ro\/index.php?rest_route=\/wp\/v2\/types\/page"}],"author":[{"embeddable":true,"href":"https:\/\/ahe-ro.unibuc.ro\/index.php?rest_route=\/wp\/v2\/users\/1"}],"replies":[{"embeddable":true,"href":"https:\/\/ahe-ro.unibuc.ro\/index.php?rest_route=%2Fwp%2Fv2%2Fcomments&post=7"}],"version-history":[{"count":17,"href":"https:\/\/ahe-ro.unibuc.ro\/index.php?rest_route=\/wp\/v2\/pages\/7\/revisions"}],"predecessor-version":[{"id":162,"href":"https:\/\/ahe-ro.unibuc.ro\/index.php?rest_route=\/wp\/v2\/pages\/7\/revisions\/162"}],"wp:attachment":[{"href":"https:\/\/ahe-ro.unibuc.ro\/index.php?rest_route=%2Fwp%2Fv2%2Fmedia&parent=7"}],"curies":[{"name":"wp","href":"https:\/\/api.w.org\/{rel}","templated":true}]}}